{"id":27,"date":"2019-04-30T06:38:37","date_gmt":"2019-04-30T06:38:37","guid":{"rendered":"https:\/\/praxislenkdresden.de\/?page_id=27"},"modified":"2026-01-05T19:35:15","modified_gmt":"2026-01-05T19:35:15","slug":"sprechzeiten","status":"publish","type":"page","link":"https:\/\/praxislenkdresden.de\/?page_id=27","title":{"rendered":"\u00d6ffnungszeiten"},"content":{"rendered":"\n<h2 class=\"wp-block-heading\">Laborzeiten<\/h2>\n\n\n<p class=\"fonts-plugin-block \" style=\"font-family: Headland One\">Montag       7\u20139 Uhr<br><br>Dienstag bis Freitag 7.30\u20139 Uhr<\/p>\n\n\n<h2 class=\"wp-block-heading\">Sprechzeiten <\/h2>\n\n\n<p class=\"fonts-plugin-block \" style=\"font-family: Headland One\">Montag        7\u201313 Uhr und 14\u201318 Uhr<\/p>\n\n<p class=\"fonts-plugin-block \" style=\"font-family: Headland One\">Dienstag       8\u201311.30 Uhr<\/p>\n\n<p class=\"fonts-plugin-block \" style=\"font-family: Headland One\">Mittwoch     8\u201312.30 Uhr<\/p>\n\n<p class=\"fonts-plugin-block \" style=\"font-family: Headland One\">Donnerstag   8\u201313 Uhr und 14\u201318 Uhr<\/p>\n\n<p class=\"fonts-plugin-block \" style=\"font-family: Headland One\">Freitag         8\u201312.30 Uhr  <\/p>\n\n\n<h2 class=\"wp-block-heading\">Akutsprechstunde ohne Termin<\/h2>\n\n\n\n<p>Montag        7\u201310.00 Uhr und 14\u201316 Uhr<\/p>\n\n\n<p class=\"fonts-plugin-block \" style=\"font-family: Headland One\">Dienstag       8\u201310.30 Uhr<\/p>\n\n<p class=\"fonts-plugin-block \" style=\"font-family: Headland One\">Mittwoch     8\u201310.30 Uhr<\/p>\n\n<p class=\"fonts-plugin-block \" style=\"font-family: Headland One\">Donnerstag   8\u201310.30 Uhr und 14\u201316 Uhr<\/p>\n\n\n<p>Freitag         8\u201310.30 Uhr<\/p>\n\n\n\n<p><\/p>\n\n\n<p class=\"fonts-plugin-block \">Bei Notf\u00e4llen au\u00dferhalb der \u00d6ffnungszeiten rufen Sie bitte den Rettungsdienst unter: 112. <\/p>\n\n<p class=\"fonts-plugin-block \">Auskunft \u00fcber die diensthabende Praxis i.R. des Kassen\u00e4rztlichen Bereitschaftsdienstes erhalten Sie unter: 0351\/116117.<\/p>","protected":false},"excerpt":{"rendered":"<p>Laborzeiten Sprechzeiten Akutsprechstunde ohne Termin Montag 7\u201310.00 Uhr und 14\u201316 Uhr Freitag 8\u201310.30 Uhr<\/p>\n","protected":false},"author":1,"featured_media":0,"parent":0,"menu_order":0,"comment_status":"closed","ping_status":"closed","template":"","meta":{"om_disable_all_campaigns":false,"_monsterinsights_skip_tracking":false,"_monsterinsights_sitenote_active":false,"_monsterinsights_sitenote_note":"","_monsterinsights_sitenote_category":0,"footnotes":""},"class_list":["post-27","page","type-page","status-publish","hentry"],"aioseo_notices":[],"_links":{"self":[{"href":"https:\/\/praxislenkdresden.de\/index.php?rest_route=\/wp\/v2\/pages\/27","targetHints":{"allow":["GET"]}}],"collection":[{"href":"https:\/\/praxislenkdresden.de\/index.php?rest_route=\/wp\/v2\/pages"}],"about":[{"href":"https:\/\/praxislenkdresden.de\/index.php?rest_route=\/wp\/v2\/types\/page"}],"author":[{"embeddable":true,"href":"https:\/\/praxislenkdresden.de\/index.php?rest_route=\/wp\/v2\/users\/1"}],"replies":[{"embeddable":true,"href":"https:\/\/praxislenkdresden.de\/index.php?rest_route=%2Fwp%2Fv2%2Fcomments&post=27"}],"version-history":[{"count":15,"href":"https:\/\/praxislenkdresden.de\/index.php?rest_route=\/wp\/v2\/pages\/27\/revisions"}],"predecessor-version":[{"id":409,"href":"https:\/\/praxislenkdresden.de\/index.php?rest_route=\/wp\/v2\/pages\/27\/revisions\/409"}],"wp:attachment":[{"href":"https:\/\/praxislenkdresden.de\/index.php?rest_route=%2Fwp%2Fv2%2Fmedia&parent=27"}],"curies":[{"name":"wp","href":"https:\/\/api.w.org\/{rel}","templated":true}]}}