{"id":3,"date":"2019-04-29T11:28:31","date_gmt":"2019-04-29T11:28:31","guid":{"rendered":"https:\/\/praxislenkdresden.de\/?page_id=3"},"modified":"2026-01-01T20:56:38","modified_gmt":"2026-01-01T20:56:38","slug":"privacy-policy","status":"publish","type":"page","link":"https:\/\/praxislenkdresden.de\/?page_id=3","title":{"rendered":"Datenschutz\/ Impressum"},"content":{"rendered":"\n<p>Informationen gem\u00e4\u00df \u00a7 5 TMG<br> Dr. med. Christian Lenk<br> Altgorbitzer Ring 77<br> 01169 Dresden<\/p>\n\n\n\n<p>Telefon: 0351 \/ 4117224<br>Telefax: 0351 \/ 4022790<\/p>\n\n\n\n<p>Gesetzliche Berufsbezeichnung: Arzt<br>Berufsbezeichnung verliehen in der Bundesrepublik Deutschland<\/p>\n\n\n\n<p>Zust\u00e4ndige \u00c4rztekammer:<br>\u00c4rztekammer Bezirksgesch\u00e4ftsstelle Dresden, Sch\u00fctzenh\u00f6he 12, 01099 Dresden<\/p>\n\n\n\n<p>Tel.: 0351-829050<\/p>\n\n\n\n<p>Email: dresden@kvsachsen.de<\/p>\n\n\n\n<p>Zust\u00e4ndige Kassen\u00e4rztliche Vereinigung:<br>Kassen\u00e4rztliche Vereinigung Sachsen <a href=\"http:\/\/www.kvs-sachsen.de\">http:\/\/www.kvs-sachsen.de<\/a><\/p>\n\n\n\n<p>Berufsrechtliche Regelungen:<br>Die Berufsordnung ist zu beziehen, beziehungsweise einzusehen bei der zust\u00e4ndigen \u00c4rztekammer <a href=\"http:\/\/www.slaek.de\">http:\/\/www.slaek.de<\/a> \/<\/p>\n\n\n\n<p>Haftungsausschluss (Disclaimer)<\/p>\n\n\n\n<p>Haftung f\u00fcr Inhalte<br>Als Diensteanbieter sind wir gem\u00e4\u00df \u00a7 7 Abs.1 TMG f\u00fcr eigene Inhalte auf diesen Seiten nach den allgemeinen Gesetzen verantwortlich.<br>Nach \u00a7\u00a7 8 bis 10 TMG sind wir als Diensteanbieter jedoch nicht verpflichtet, \u00fcbermittelte oder gespeicherte fremde Informationen zu \u00fcberwachen<br>oder nach Umst\u00e4nden zu forschen, die auf eine rechtswidrige T\u00e4tigkeit hinweisen. Verpflichtungen zur Entfernung oder Sperrung der Nutzung von<br>Informationen nach den allgemeinen Gesetzen bleiben hiervon unber\u00fchrt. Eine diesbez\u00fcgliche Haftung ist jedoch erst ab dem Zeitpunkt der Kenntnis einer konkreten Rechtsverletzung m\u00f6glich. Bei Bekanntwerden von entsprechenden Rechtsverletzungen werden wir diese Inhalte umgehend entfernen.<\/p>\n\n\n\n<p>Haftung f\u00fcr Links<br>Die Praxis Dr. med. Thomas Lenk haftet nicht f\u00fcr die Inhalte anderer Seiten, die \u00fcber die Hyperlinks auf unserer Seite erreicht werden k\u00f6nnen.<br>Wir distanzieren uns ausdr\u00fccklich von allen Inhalten verlinkter Seiten und machen uns diese keinesfalls zu eigen. Externe Inhalte wurden beim Setzen von Links auf Rechtswidrigkeit und Strafbarkeit gepr\u00fcft. Dennoch ist nicht auszuschlie\u00dfen, dass Inhalte von externen Seiten im Nachhinein ver\u00e4ndert werden. Die Praxis Dr. med. Lenk ist nicht verpflichtet, diese st\u00e4ndig zu pr\u00fcfen und lehnt daher jegliche Haftung ab. S\u00e4mtliche Verst\u00f6\u00dfe gegen geltendes Recht, Sitte oder Moral, welche uns bekannt werden, haben sofortige L\u00f6schung dieser Links zur Folge.<\/p>\n\n\n\n<p>Urheberrecht<br>Die durch die Seitenbetreiber erstellten Inhalte und Werke auf diesen Seiten unterliegen dem deutschen Urheberrecht.<br>Die Vervielf\u00e4ltigung, Bearbeitung, Verbreitung und jede Art der Verwertung au\u00dferhalb der Grenzen des Urheberrechtes bed\u00fcrfen der schriftlichen Zustimmung des jeweiligen Autors bzw. Erstellers. Downloads und Kopien dieser Seite sind nur f\u00fcr den privaten, nicht kommerziellen Gebrauch gestattet. Soweit die Inhalte auf dieser Seite nicht vom Betreiber erstellt wurden, werden die Urheberrechte Dritter beachtet. Insbesondere werden Inhalte Dritter als solche gekennzeichnet. Sollten Sie trotzdem auf eine Urheberrechtsverletzung aufmerksam werden, bitten wir um einen entsprechenden Hinweis. Bei Bekanntwerden von Rechtsverletzungen werden wir derartige Inhalte umgehend entfernen.<\/p>\n\n\n\n<p>Quellenangaben: Disclaimer eRecht24, Disclaimer eRecht24<\/p>\n\n\n\n<h4 class=\"wp-block-heading\">Datenschutzerkl\u00e4rung<\/h4>\n\n\n\n<p>Nachfolgend erhalten Sie lnformationen \u00fcber die Erhebung \npersonenbezogener Daten bei Nutzung unserer lnternetseite. Zu den \npersonenbezogenen Daten geh\u00f6ren alle Daten, die auf Sie pers\u00f6nlich \nbeziehbar sind (z. B. Name, Adresse, E-Mail-Adressen, Nutzerverhalten, \nIP-Adresse).<\/p>\n\n\n\n<p>1. Wer ist in unserer Praxis f\u00fcr den Datenschutz verantwortlich?<\/p>\n\n\n\n<p>ln unserer Praxis ist f\u00fcr den Datenschutz verantwortlich und steht lhnen bei Fragen zur Verf\u00fcgung:<\/p>\n\n\n\n<figure class=\"wp-block-table\"><table><tbody><tr><td>Dr. med. Thomas Lenk<\/td><\/tr><tr><td>Praxisadresse<\/td><td>Altgorbitzer Ring 77, 01169 Dresden<\/td><\/tr><tr><td>Telefon<\/td><td>0351 \/ 4117224<\/td><\/tr><tr><td>Telefax<\/td><td>0351 \/ 40227940<\/td><\/tr><tr><td>E-Mail<\/td><td>info@praxislenkdresden.de<\/td><\/tr><\/tbody><\/table><\/figure>\n\n\n\n<p> 2. Welche personenbezogenen Daten erheben wir?<\/p>\n\n\n\n<p>Wir erheben, speichern, nutzen, \u00fcbermitteln oder l\u00f6schen folgende personenbezogene Daten:<\/p>\n\n\n\n<p>\u2013 lnteressenten unserer lnternetseite und Patienten unserer Praxis, die nat\u00fcrliche Personen sind<\/p>\n\n\n\n<p>\u2013 Alle anderen nat\u00fcrlichen Personen, die in Kontakt mit unserer \nPraxis stehen (z. B. Bevollm\u00e4chtigte von Patienten, \nErziehungsberechtigte von Patienten, Mitarbeiter juristischer Personen, \nBesucher unserer lnternetseite)<\/p>\n\n\n\n<p>Personenbezogenen Daten von lhnen werden von uns erhoben, wenn Sie \nmit uns z. B. per E-Mail oder Telefon in Kontakt treten bzw. einen \nBehandlungstermin pers\u00f6nlich vereinbaren.<\/p>\n\n\n\n<p>Folgende pers\u00f6nliche Daten verarbeiten wir:<\/p>\n\n\n\n<p>\u2013 Pers\u00f6nliche Angaben (z. B. Vor- und Nachnamen, Adresse, \nGeburtsdatum und -ort, E-Mail-Adresse, Telefonnummer, \nVersicherungsstatus)<\/p>\n\n\n\n<p>\u2013 Daten zu lhrem Online-Verhalten und -pr\u00e4ferenzen (z. B. \nIP-Adressen, eindeutige Zuordnungsmerkmale mobiler Endger\u00e4te, Daten zu \nlhren Besuchen auf unserer lnternetseite, Endger\u00e4te, mit denen Sie \nunsere lnternetseite besucht haben)<\/p>\n\n\n\n<p>Angaben zu Kindern erheben wir nur dann, wenn diese durch die \nErziehungsberechtigten in unserer Praxis als Patient vorgestellt werden.<\/p>\n\n\n\n<p> 3. Wer erh\u00e4lt ggf. lhre personenbezogenen Daten \u00fcbermittelt?<\/p>\n\n\n\n<p>Falls einzelne Funktionen unserer lnternetseite auf beauftragte \nDienstleister zur\u00fcckgreifen, informieren wir Sie in Ziffer 4 dieser \nDatenschutzerkl\u00e4rung im Detail \u00fcber die jeweiligen Vorg\u00e4nge. Dabei \nnennen wir auch die festgelegten Kriterien der Speicherdauer.<\/p>\n\n\n\n<p> 4. Welchem Zweck dienen lhre Daten und mit welcher Rechtfertigung d\u00fcrfen wir diese nutzen?<\/p>\n\n\n\n<p>Wenn Sie unsere lnternetseite ausschlie\u00dflich dazu nutzen, sich \u00fcber \nunsere Praxis zu informieren, erheben wir nur die personenbezogenen \nDaten, die lhr Browser an unseren Server \u00fcbermittelt. Wenn Sie unsere \nWebsite betrachten m\u00f6chten, erheben wir die folgenden Daten, die f\u00fcr uns\n technisch erforderlich sind, um lhnen unsere Website anzuzeigen und die\n Stabilit\u00e4t und Sicherheit zu gew\u00e4hrleisten (Rechtsgrundlage ist Art. 6 \nAbs. 1 S. 1 lit. f DSGVO):<\/p>\n\n\n\n<p>IP-Adresse ; Datum und Uhrzeit der Anfrage; Zeitzonendifferenz zur \nGreenwich Mean Time (GMT); Inhalt der Anforderung (konkrete Seite); \nZugriffsstatus\/HTTP-Statuscode; jeweils \u00fcbertragene Datenmenge; Website,\n von der die Anforderung kommt; Browser; Betriebssystem und dessen \nOberfl\u00e4che; Sprache und Version der Browsersoftware.<\/p>\n\n\n\n<p>Wollen Sie per E-Mail einen Behandlungstermin vereinbaren oder eine \nFrage an uns richten, werden die von lhnen mitgeteilten Daten (lhre \nE-Mail- Adresse, ggf. lhr Name und lhre Telefonnummer) von uns \ngespeichert, um lhnen einen Behandlungstermin zuweisen oder die Anfrage \nbeantworten zu k\u00f6nnen. Die in diesem Zusammenhang anfallenden Daten \nl\u00f6schen wir, nachdem die Speicherung nicht mehr erforderlich ist, oder \nschr\u00e4nken die Verarbeitung ein, falls gesetzliche Aufbewahrungspflichten\n bestehen (Rechtsgrundlage ist Art. 6 Abs. 1 S. 1 lit. b DSGVO).<\/p>\n\n\n\n<p>5. Datenschutzerkl\u00e4rung Google Maps<\/p>\n\n\n\n<p>Diese Webseite verwendet das Produkt Google Maps von Google Inc. \nDurch Nutzung dieser Webseite erkl\u00e4ren Sie sich mit der Erfassung, \nBearbeitung sowie Nutzung der automatisiert erhobenen Daten durch Google\n Inc, deren Vertreter sowie Dritter einverstanden. Die \nNutzungsbedingungen von Google Maps finden sie unter <a href=\"http:\/\/www.google.com\/intl\/de_de\/help\/terms_maps.html\">Nutzungsbedingungen von Google Maps<\/a>.<\/p>\n\n\n\n<p>6. Welche Rechte haben Sie im Zusammenhang mit dem Datenschutz?<\/p>\n\n\n\n<p>Sie haben gegen\u00fcber uns folgende Rechte hinsichtlich der Sie betreffenden personen bezogenen Daten:<\/p>\n\n\n\n<p>Recht auf Auskunft, Recht auf Berichtigung oder L\u00f6schung, Recht auf \nEinschr\u00e4nkung der Verarbeitung, Recht auf Widerspruch gegen die \nVerarbeitung, Recht auf Daten\u00fcbertragbarkeit.<\/p>\n\n\n\n<p>7. Wie k\u00f6nnen Sie sich ggf. beschweren?<br>\n<\/p>\n\n\n\n<p>Sie haben die M\u00f6glichkeit, sich mit einer Beschwerde im Zusammenhang \nmit der Datenverarbeitung an die f\u00fcr uns zust\u00e4ndige Datenschutzaufsicht \nzu wenden:<\/p>\n\n\n\n<p><a href=\"https:\/\/saechsdsb.de\/n-kontakt\">https:\/\/saechsdsb.de\/n-kontakt<\/a><\/p>\n\n\n<p class=\"fonts-plugin-block \"><\/p>","protected":false},"excerpt":{"rendered":"<p>Informationen gem\u00e4\u00df \u00a7 5 TMG Dr. med. Christian Lenk Altgorbitzer Ring 77 01169 Dresden Telefon: 0351 \/ 4117224Telefax: 0351 \/ 4022790 Gesetzliche Berufsbezeichnung: ArztBerufsbezeichnung verliehen in der Bundesrepublik Deutschland Zust\u00e4ndige \u00c4rztekammer:\u00c4rztekammer Bezirksgesch\u00e4ftsstelle Dresden, Sch\u00fctzenh\u00f6he 12, 01099 Dresden Tel.: 0351-829050 Email: dresden@kvsachsen.de Zust\u00e4ndige Kassen\u00e4rztliche Vereinigung:Kassen\u00e4rztliche Vereinigung Sachsen http:\/\/www.kvs-sachsen.de Berufsrechtliche Regelungen:Die Berufsordnung ist zu beziehen, beziehungsweise einzusehen &hellip; <\/p>\n<p class=\"link-more\"><a href=\"https:\/\/praxislenkdresden.de\/?page_id=3\" class=\"more-link\"><span class=\"screen-reader-text\">\u201eDatenschutz\/ Impressum\u201c <\/span>weiterlesen<\/a><\/p>\n","protected":false},"author":1,"featured_media":0,"parent":0,"menu_order":0,"comment_status":"closed","ping_status":"open","template":"","meta":{"om_disable_all_campaigns":false,"_monsterinsights_skip_tracking":false,"_monsterinsights_sitenote_active":false,"_monsterinsights_sitenote_note":"","_monsterinsights_sitenote_category":0,"footnotes":""},"class_list":["post-3","page","type-page","status-publish","hentry"],"aioseo_notices":[],"_links":{"self":[{"href":"https:\/\/praxislenkdresden.de\/index.php?rest_route=\/wp\/v2\/pages\/3","targetHints":{"allow":["GET"]}}],"collection":[{"href":"https:\/\/praxislenkdresden.de\/index.php?rest_route=\/wp\/v2\/pages"}],"about":[{"href":"https:\/\/praxislenkdresden.de\/index.php?rest_route=\/wp\/v2\/types\/page"}],"author":[{"embeddable":true,"href":"https:\/\/praxislenkdresden.de\/index.php?rest_route=\/wp\/v2\/users\/1"}],"replies":[{"embeddable":true,"href":"https:\/\/praxislenkdresden.de\/index.php?rest_route=%2Fwp%2Fv2%2Fcomments&post=3"}],"version-history":[{"count":4,"href":"https:\/\/praxislenkdresden.de\/index.php?rest_route=\/wp\/v2\/pages\/3\/revisions"}],"predecessor-version":[{"id":384,"href":"https:\/\/praxislenkdresden.de\/index.php?rest_route=\/wp\/v2\/pages\/3\/revisions\/384"}],"wp:attachment":[{"href":"https:\/\/praxislenkdresden.de\/index.php?rest_route=%2Fwp%2Fv2%2Fmedia&parent=3"}],"curies":[{"name":"wp","href":"https:\/\/api.w.org\/{rel}","templated":true}]}}